{"id":144,"date":"2022-03-01T16:36:39","date_gmt":"2022-03-01T16:36:39","guid":{"rendered":"http:\/\/kay-escorts.com\/?page_id=144"},"modified":"2026-01-08T17:14:53","modified_gmt":"2026-01-08T17:14:53","slug":"escort-agency","status":"publish","type":"page","link":"https:\/\/kay-escorts.com\/en\/escort-agency\/","title":{"rendered":"The Agency"},"content":{"rendered":"\r\n<section class=\"text-block mrg-100 \">\r\n\t<div class=\"container\">\r\n\t\t<div class=\"row justify-content-center text-center\">\r\n\r\n\t\t\t\t\t\t\t<div class=\"col-md-10\">\r\n\t\t\t\t\t\t\r\n\t\t\t\t\t\t\t\t\t\t<h1 class=\"title-2 mb-40\">Escort Casting at the High-Class Escort Agency<\/h1>\r\n\t\t\t\t\t\t\t\t\t\r\n\t\t\t\t<h3>What does Kay Escorts stand for?<\/h3>\n<p>Kay Escorts is a reputable and internationally well-established High-Class Escort Agency, which I founded in 2003 and was one of the first high-class escort agencies in Germany at the time. I organize and arrange exclusive appointments worldwide for my discerning clients. The ladies I represent and arrange appointments for are among the most sought-after top escorts in Europe and are characterized by their attractive appearance, charm, intellect, and passion for this hobby. Those I represent and arrange appointments for are not only special, but also experience something special. Interesting trips abroad, luxurious hotels, and encounters with interesting people are just some of the perks of working as a high-class escort, in addition to the fee.<\/p>\n<p>All of the ladies represented by my agency have regular jobs or are students in their everyday lives. Their side job as escort ladies opens up a world of adventure and luxury for them. This includes visits to upscale restaurants as well as occasional trips to the opera or theatre. Women who are open to new experiences will enjoy exciting hours, days, and nights at Kay Escorts.<\/p>\n<p>As my client base is constantly growing due to the agency&amp;#39;s good reputation, I am always on the lookout for attractive women who meet the demands and standards of my upscale clientele. Ladies with no previous experience as escort models are also very welcome. I am happy to give tips and advice, from your appearance to perfect table manners. Thanks to my many years of experience as an agency manager, I can adapt very well to you and help you become a sought-after escort lady.<\/p>\n<h3>Why Kay Escorts?<\/h3>\n<ul>\n<li>Weil wir eine seri\u00f6se Agentur sind, die weltweit einen ausgezeichneten Ruf besitzt und seit 2003 auf zahlreiche loyale Kunden vertrauen kann.<\/li>\n<li>Weil wir Deine Verabredungen zuverl\u00e4ssig und ohne Aufwand f\u00fcr Dich planen, sei es eine Flugbuchung ins Ausland oder ein kurzer Termin in deiner Heimatstadt.<\/li>\n<li>Weil wir diskret mit Deinen Daten umgehen und sie nicht an Dritte weiterreichen.<\/li>\n<li>Weil wir Deine W\u00fcnsche ber\u00fccksichtigen werden und Termine nur mit deinem vorherigen Einverst\u00e4ndnis f\u00fcr dich arrangieren.<\/li>\n<li>Weil wir \u00fcber viele zufriedene Stammkunden verf\u00fcgen, an die wir Dich vermitteln k\u00f6nnen.<\/li>\n<li>Weil wir die meisten unserer Kunden und deren W\u00fcnsche kennen und unser Bestes geben werden, f\u00fcr dich die passenden Kunden zu finden, so dass es f\u00fcr beide ein gelungenes Date wird.<\/li>\n<\/ul>\n\t\t\t\t\r\n\t\t\t\t\r\n\t\t\t<\/div>\r\n\t\t<\/div>\r\n\t<\/div>\r\n<\/section>","protected":false},"excerpt":{"rendered":"","protected":false},"author":1,"featured_media":0,"parent":0,"menu_order":0,"comment_status":"closed","ping_status":"closed","template":"","meta":{"_acf_changed":false,"footnotes":""},"class_list":["post-144","page","type-page","status-publish","hentry"],"acf":[],"yoast_head":"<!-- This site is optimized with the Yoast SEO plugin v26.2 - https:\/\/yoast.com\/wordpress\/plugins\/seo\/ -->\n<title>Escort casting: become an escort in high-class agency &#8211; Kay Escorts<\/title>\n<meta name=\"description\" content=\"Escort casting in the high-class escort agency. Kay Escorts is a reputable luxury escort agency since 2003. Become an escort with us.\" \/>\n<meta name=\"robots\" content=\"index, follow, max-snippet:-1, max-image-preview:large, max-video-preview:-1\" \/>\n<link rel=\"canonical\" href=\"https:\/\/kay-escorts.com\/en\/escort-agency\/\" \/>\n<meta property=\"og:locale\" content=\"en_US\" \/>\n<meta property=\"og:type\" content=\"article\" \/>\n<meta property=\"og:title\" content=\"Escort casting: become an escort in high-class agency &#8211; Kay Escorts\" \/>\n<meta property=\"og:description\" content=\"Escort casting in the high-class escort agency. Kay Escorts is a reputable luxury escort agency since 2003. Become an escort with us.\" \/>\n<meta property=\"og:url\" content=\"https:\/\/kay-escorts.com\/en\/escort-agency\/\" \/>\n<meta property=\"og:site_name\" content=\"Kay Escorts\" \/>\n<meta property=\"article:modified_time\" content=\"2026-01-08T17:14:53+00:00\" \/>\n<meta property=\"og:image\" content=\"https:\/\/kay-escorts.com\/wp-content\/uploads\/main-bg-1.jpg\" \/>\n\t<meta property=\"og:image:width\" content=\"1920\" \/>\n\t<meta property=\"og:image:height\" content=\"701\" \/>\n\t<meta property=\"og:image:type\" content=\"image\/jpeg\" \/>\n<meta name=\"twitter:card\" content=\"summary_large_image\" \/>\n<script type=\"application\/ld+json\" class=\"yoast-schema-graph\">{\"@context\":\"https:\/\/schema.org\",\"@graph\":[{\"@type\":\"WebPage\",\"@id\":\"https:\/\/kay-escorts.com\/en\/escort-agency\/\",\"url\":\"https:\/\/kay-escorts.com\/en\/escort-agency\/\",\"name\":\"Escort casting: become an escort in high-class agency &#8211; Kay Escorts\",\"isPartOf\":{\"@id\":\"https:\/\/kay-escorts.com\/en\/#website\"},\"datePublished\":\"2022-03-01T16:36:39+00:00\",\"dateModified\":\"2026-01-08T17:14:53+00:00\",\"description\":\"Escort casting in the high-class escort agency. Kay Escorts is a reputable luxury escort agency since 2003. Become an escort with us.\",\"breadcrumb\":{\"@id\":\"https:\/\/kay-escorts.com\/en\/escort-agency\/#breadcrumb\"},\"inLanguage\":\"en\",\"potentialAction\":[{\"@type\":\"ReadAction\",\"target\":[\"https:\/\/kay-escorts.com\/en\/escort-agency\/\"]}]},{\"@type\":\"BreadcrumbList\",\"@id\":\"https:\/\/kay-escorts.com\/en\/escort-agency\/#breadcrumb\",\"itemListElement\":[{\"@type\":\"ListItem\",\"position\":1,\"name\":\"Kay's Escort Agency\",\"item\":\"https:\/\/kay-escorts.com\/en\/\"},{\"@type\":\"ListItem\",\"position\":2,\"name\":\"The Agency\"}]},{\"@type\":\"WebSite\",\"@id\":\"https:\/\/kay-escorts.com\/en\/#website\",\"url\":\"https:\/\/kay-escorts.com\/en\/\",\"name\":\"Kay Escorts\",\"description\":\"High-Class Escort Agency\",\"publisher\":{\"@id\":\"https:\/\/kay-escorts.com\/en\/#organization\"},\"alternateName\":\"KE\",\"potentialAction\":[{\"@type\":\"SearchAction\",\"target\":{\"@type\":\"EntryPoint\",\"urlTemplate\":\"https:\/\/kay-escorts.com\/en\/?s={search_term_string}\"},\"query-input\":{\"@type\":\"PropertyValueSpecification\",\"valueRequired\":true,\"valueName\":\"search_term_string\"}}],\"inLanguage\":\"en\"},{\"@type\":\"Organization\",\"@id\":\"https:\/\/kay-escorts.com\/en\/#organization\",\"name\":\"Kay Escorts\",\"alternateName\":\"KE\",\"url\":\"https:\/\/kay-escorts.com\/en\/\",\"logo\":{\"@type\":\"ImageObject\",\"inLanguage\":\"en\",\"@id\":\"https:\/\/kay-escorts.com\/en\/#\/schema\/logo\/image\/\",\"url\":\"https:\/\/kay-escorts.com\/wp-content\/uploads\/big-black-logo.svg\",\"contentUrl\":\"https:\/\/kay-escorts.com\/wp-content\/uploads\/big-black-logo.svg\",\"width\":1,\"height\":1,\"caption\":\"Kay Escorts\"},\"image\":{\"@id\":\"https:\/\/kay-escorts.com\/en\/#\/schema\/logo\/image\/\"}}]}<\/script>\n<!-- \/ Yoast SEO plugin. -->","yoast_head_json":{"title":"Escort casting: become an escort in high-class agency &#8211; Kay Escorts","description":"Escort casting in the high-class escort agency. Kay Escorts is a reputable luxury escort agency since 2003. Become an escort with us.","robots":{"index":"index","follow":"follow","max-snippet":"max-snippet:-1","max-image-preview":"max-image-preview:large","max-video-preview":"max-video-preview:-1"},"canonical":"https:\/\/kay-escorts.com\/en\/escort-agency\/","og_locale":"en_US","og_type":"article","og_title":"Escort casting: become an escort in high-class agency &#8211; Kay Escorts","og_description":"Escort casting in the high-class escort agency. Kay Escorts is a reputable luxury escort agency since 2003. Become an escort with us.","og_url":"https:\/\/kay-escorts.com\/en\/escort-agency\/","og_site_name":"Kay Escorts","article_modified_time":"2026-01-08T17:14:53+00:00","og_image":[{"width":1920,"height":701,"url":"https:\/\/kay-escorts.com\/wp-content\/uploads\/main-bg-1.jpg","type":"image\/jpeg"}],"twitter_card":"summary_large_image","schema":{"@context":"https:\/\/schema.org","@graph":[{"@type":"WebPage","@id":"https:\/\/kay-escorts.com\/en\/escort-agency\/","url":"https:\/\/kay-escorts.com\/en\/escort-agency\/","name":"Escort casting: become an escort in high-class agency &#8211; Kay Escorts","isPartOf":{"@id":"https:\/\/kay-escorts.com\/en\/#website"},"datePublished":"2022-03-01T16:36:39+00:00","dateModified":"2026-01-08T17:14:53+00:00","description":"Escort casting in the high-class escort agency. Kay Escorts is a reputable luxury escort agency since 2003. Become an escort with us.","breadcrumb":{"@id":"https:\/\/kay-escorts.com\/en\/escort-agency\/#breadcrumb"},"inLanguage":"en","potentialAction":[{"@type":"ReadAction","target":["https:\/\/kay-escorts.com\/en\/escort-agency\/"]}]},{"@type":"BreadcrumbList","@id":"https:\/\/kay-escorts.com\/en\/escort-agency\/#breadcrumb","itemListElement":[{"@type":"ListItem","position":1,"name":"Kay's Escort Agency","item":"https:\/\/kay-escorts.com\/en\/"},{"@type":"ListItem","position":2,"name":"The Agency"}]},{"@type":"WebSite","@id":"https:\/\/kay-escorts.com\/en\/#website","url":"https:\/\/kay-escorts.com\/en\/","name":"Kay Escorts","description":"High-Class Escort Agency","publisher":{"@id":"https:\/\/kay-escorts.com\/en\/#organization"},"alternateName":"KE","potentialAction":[{"@type":"SearchAction","target":{"@type":"EntryPoint","urlTemplate":"https:\/\/kay-escorts.com\/en\/?s={search_term_string}"},"query-input":{"@type":"PropertyValueSpecification","valueRequired":true,"valueName":"search_term_string"}}],"inLanguage":"en"},{"@type":"Organization","@id":"https:\/\/kay-escorts.com\/en\/#organization","name":"Kay Escorts","alternateName":"KE","url":"https:\/\/kay-escorts.com\/en\/","logo":{"@type":"ImageObject","inLanguage":"en","@id":"https:\/\/kay-escorts.com\/en\/#\/schema\/logo\/image\/","url":"https:\/\/kay-escorts.com\/wp-content\/uploads\/big-black-logo.svg","contentUrl":"https:\/\/kay-escorts.com\/wp-content\/uploads\/big-black-logo.svg","width":1,"height":1,"caption":"Kay Escorts"},"image":{"@id":"https:\/\/kay-escorts.com\/en\/#\/schema\/logo\/image\/"}}]}},"_links":{"self":[{"href":"https:\/\/kay-escorts.com\/en\/wp-json\/wp\/v2\/pages\/144","targetHints":{"allow":["GET"]}}],"collection":[{"href":"https:\/\/kay-escorts.com\/en\/wp-json\/wp\/v2\/pages"}],"about":[{"href":"https:\/\/kay-escorts.com\/en\/wp-json\/wp\/v2\/types\/page"}],"author":[{"embeddable":true,"href":"https:\/\/kay-escorts.com\/en\/wp-json\/wp\/v2\/users\/1"}],"replies":[{"embeddable":true,"href":"https:\/\/kay-escorts.com\/en\/wp-json\/wp\/v2\/comments?post=144"}],"version-history":[{"count":19,"href":"https:\/\/kay-escorts.com\/en\/wp-json\/wp\/v2\/pages\/144\/revisions"}],"predecessor-version":[{"id":19912,"href":"https:\/\/kay-escorts.com\/en\/wp-json\/wp\/v2\/pages\/144\/revisions\/19912"}],"wp:attachment":[{"href":"https:\/\/kay-escorts.com\/en\/wp-json\/wp\/v2\/media?parent=144"}],"curies":[{"name":"wp","href":"https:\/\/api.w.org\/{rel}","templated":true}]}}